{"id":344272,"date":"2026-02-05T14:25:10","date_gmt":"2026-02-05T13:25:10","guid":{"rendered":"https:\/\/freakuence.nl\/product\/magnepan-mg-3-7i\/"},"modified":"2026-03-10T06:24:39","modified_gmt":"2026-03-10T05:24:39","slug":"magnepan-mg-3-7i","status":"publish","type":"product","link":"https:\/\/freakuence.nl\/fr\/product\/magnepan-mg-3-7i\/","title":{"rendered":"Magnepan MG-3.7i"},"content":{"rendered":"<div class=\"product-specifications-list\">\n<div class=\"specification-item row-header\"><span class=\"spec-content\"><strong>Description Freakuence !<\/strong><\/span><\/div>\n<div class=\"specification-item row-even\"><span class=\"spec-content\">Grand ! Gigantesque. Ce qu&rsquo;un tel panneau est capable de faire est tr\u00e8s sp\u00e9cial. Remarque : il faut un peu d&rsquo;\u00e9nergie pour pouvoir jouer en toute libert\u00e9. Bien fait ? Une sc\u00e8ne et une transparence remarquables.     <\/span><\/div>\n<div class=\"specification-item row-odd\"><span class=\"spec-content\">Prix de vente au d\u00e9tail : 13 500,00<\/span><\/div>\n<div class=\"specification-item row-header\"><span class=\"spec-content\"><strong>D\u00e9tails<\/strong><\/span><\/div>\n<div class=\"specification-item row-even\"><span class=\"spec-content\">La s\u00e9rie date du 15-11-2022 et a \u00e9t\u00e9 fournie par nous en tant que revendeur.<\/span><\/div>\n<div class=\"specification-item row-header\"><span class=\"spec-content\"><strong>Description g\u00e9n\u00e9rale<\/strong><\/span><\/div>\n<div class=\"specification-item row-even\"><span class=\"spec-content\">Ce haut-parleur est un mod\u00e8le \u00e0 ruban \u00e0 trois voies et \u00e0 gamme compl\u00e8te, avec une plage de fr\u00e9quences de 35 Hz \u00e0 40 kHz. La sensibilit\u00e9 est de 86 dB \u00e0 500 Hz avec 2,83 V, et l&rsquo;imp\u00e9dance nominale est de 4 ohms. Mesurant 180 cm de haut, 61 cm de large et 4,1 cm de profondeur, et pesant 30 kg chacun, ce haut-parleur est con\u00e7u pour une reproduction audio pr\u00e9cise et d\u00e9taill\u00e9e.  <\/span><\/div>\n<div class=\"specification-item row-header\"><span class=\"spec-content\"><strong>Histoire de la marque<\/strong><\/span><\/div>\n<div class=\"specification-item row-even\"><span class=\"spec-content\">Magnepan a \u00e9t\u00e9 fond\u00e9e en 1969 par l&rsquo;ing\u00e9nieur Jim Winey \u00e0 White Bear Lake, dans le Minnesota, aux \u00c9tats-Unis. La soci\u00e9t\u00e9 est connue pour ses haut-parleurs Magneplanar, qui utilisent une conception magn\u00e9tostatique avec un haut-parleur plat mont\u00e9 dans un panneau. Cette conception utilise de minces fils ou feuilles conducteurs attach\u00e9s \u00e0 un film de Mylar, qui se trouve dans un champ magn\u00e9tique. Lorsqu&rsquo;un signal \u00e9lectrique est appliqu\u00e9, le film Mylar se d\u00e9place, ce qui produit un son \u00e9mis \u00e0 la fois \u00e0 l&rsquo;avant et \u00e0 l&rsquo;arri\u00e8re du panneau. Cette approche diff\u00e8re de celle des haut-parleurs conventionnels qui utilisent des haut-parleurs coniques dans une enceinte. Magnepan a d\u00e9velopp\u00e9 plusieurs mod\u00e8les, dont le MG-3.7i, connu pour ses caract\u00e9ristiques de conception sp\u00e9cifiques.     <\/span><\/div>\n<\/div>\n","protected":false},"excerpt":{"rendered":"<p>Description Freakuence ! Grand ! Gigantesque. Ce qu&rsquo;un tel panneau est capable de faire est tr\u00e8s sp\u00e9cial. Remarque : il faut un peu d&rsquo;\u00e9nergie pour pouvoir jouer en toute libert\u00e9. Bien fait ? Une sc\u00e8ne et une transparence remarquables. Prix de vente au d\u00e9tail : 13 500,00 D\u00e9tails La s\u00e9rie date du 15-11-2022 et a [&hellip;]<\/p>\n","protected":false},"featured_media":376661,"template":"","meta":{"_acf_changed":false,"inline_featured_image":false},"product_brand":[],"product_cat":[544],"product_tag":[533],"class_list":{"0":"post-344272","1":"product","2":"type-product","3":"status-publish","4":"has-post-thumbnail","6":"product_cat-audio","7":"product_tag-used","8":"pa_kleur-noir","10":"first","11":"outofstock","12":"sold-individually","13":"purchasable","14":"product-type-simple"},"acf":{"website":true,"show_on_homepage":false,"brand_title":"Magnepan","product_type":"MG-3.7i","color":"Noir","subcolor":"","reserved_status":"0"},"yoast_head":"<!-- This site is optimized with the Yoast SEO plugin v26.6 - https:\/\/yoast.com\/wordpress\/plugins\/seo\/ -->\n<title>Magnepan MG-3.7i | Freakuence!<\/title>\n<meta name=\"robots\" content=\"index, follow, max-snippet:-1, max-image-preview:large, max-video-preview:-1\" \/>\n<link rel=\"canonical\" href=\"https:\/\/freakuence.nl\/fr\/product\/magnepan-mg-3-7i\/\" \/>\n<meta property=\"og:locale\" content=\"fr_FR\" \/>\n<meta property=\"og:type\" content=\"article\" \/>\n<meta property=\"og:title\" content=\"Magnepan MG-3.7i | Freakuence!\" \/>\n<meta property=\"og:description\" content=\"Description Freakuence ! Grand ! Gigantesque. Ce qu&rsquo;un tel panneau est capable de faire est tr\u00e8s sp\u00e9cial. Remarque : il faut un peu d&rsquo;\u00e9nergie pour pouvoir jouer en toute libert\u00e9. Bien fait ? Une sc\u00e8ne et une transparence remarquables. Prix de vente au d\u00e9tail : 13 500,00 D\u00e9tails La s\u00e9rie date du 15-11-2022 et a [&hellip;]\" \/>\n<meta property=\"og:url\" content=\"https:\/\/freakuence.nl\/fr\/product\/magnepan-mg-3-7i\/\" \/>\n<meta property=\"og:site_name\" content=\"Freakuence!\" \/>\n<meta property=\"article:modified_time\" content=\"2026-03-10T05:24:39+00:00\" \/>\n<meta property=\"og:image\" content=\"https:\/\/freakuence.nl\/wp-content\/uploads\/2026\/02\/17690091284427-16618-IMG9065-scaled.jpg\" \/>\n\t<meta property=\"og:image:width\" content=\"1200\" \/>\n\t<meta property=\"og:image:height\" content=\"1800\" \/>\n\t<meta property=\"og:image:type\" content=\"image\/jpeg\" \/>\n<meta name=\"twitter:card\" content=\"summary_large_image\" \/>\n<script type=\"application\/ld+json\" class=\"yoast-schema-graph\">{\"@context\":\"https:\/\/schema.org\",\"@graph\":[{\"@type\":\"WebPage\",\"@id\":\"https:\/\/freakuence.nl\/fr\/product\/magnepan-mg-3-7i\/\",\"url\":\"https:\/\/freakuence.nl\/fr\/product\/magnepan-mg-3-7i\/\",\"name\":\"Magnepan MG-3.7i | Freakuence!\",\"isPartOf\":{\"@id\":\"https:\/\/freakuence.nl\/fr\/#website\"},\"primaryImageOfPage\":{\"@id\":\"https:\/\/freakuence.nl\/fr\/product\/magnepan-mg-3-7i\/#primaryimage\"},\"image\":{\"@id\":\"https:\/\/freakuence.nl\/fr\/product\/magnepan-mg-3-7i\/#primaryimage\"},\"thumbnailUrl\":\"https:\/\/freakuence.nl\/wp-content\/uploads\/2026\/04\/17690091284427-16618-IMG9065-scaled.jpg\",\"datePublished\":\"2026-02-05T13:25:10+00:00\",\"dateModified\":\"2026-03-10T05:24:39+00:00\",\"breadcrumb\":{\"@id\":\"https:\/\/freakuence.nl\/fr\/product\/magnepan-mg-3-7i\/#breadcrumb\"},\"inLanguage\":\"fr-FR\",\"potentialAction\":[{\"@type\":\"ReadAction\",\"target\":[\"https:\/\/freakuence.nl\/fr\/product\/magnepan-mg-3-7i\/\"]}]},{\"@type\":\"ImageObject\",\"inLanguage\":\"fr-FR\",\"@id\":\"https:\/\/freakuence.nl\/fr\/product\/magnepan-mg-3-7i\/#primaryimage\",\"url\":\"https:\/\/freakuence.nl\/wp-content\/uploads\/2026\/04\/17690091284427-16618-IMG9065-scaled.jpg\",\"contentUrl\":\"https:\/\/freakuence.nl\/wp-content\/uploads\/2026\/04\/17690091284427-16618-IMG9065-scaled.jpg\",\"width\":1707,\"height\":2560},{\"@type\":\"BreadcrumbList\",\"@id\":\"https:\/\/freakuence.nl\/fr\/product\/magnepan-mg-3-7i\/#breadcrumb\",\"itemListElement\":[{\"@type\":\"ListItem\",\"position\":1,\"name\":\"Accueil\",\"item\":\"https:\/\/freakuence.nl\/fr\/accueil\/\"},{\"@type\":\"ListItem\",\"position\":2,\"name\":\"Produits\",\"item\":\"https:\/\/freakuence.nl\/fr\/produits\/\"},{\"@type\":\"ListItem\",\"position\":3,\"name\":\"Magnepan MG-3.7i\"}]},{\"@type\":\"WebSite\",\"@id\":\"https:\/\/freakuence.nl\/fr\/#website\",\"url\":\"https:\/\/freakuence.nl\/fr\/\",\"name\":\"Freakuence!\",\"description\":\"Freakuence!\",\"publisher\":{\"@id\":\"https:\/\/freakuence.nl\/fr\/#organization\"},\"alternateName\":\"Freakuence\",\"potentialAction\":[{\"@type\":\"SearchAction\",\"target\":{\"@type\":\"EntryPoint\",\"urlTemplate\":\"https:\/\/freakuence.nl\/fr\/?s={search_term_string}\"},\"query-input\":{\"@type\":\"PropertyValueSpecification\",\"valueRequired\":true,\"valueName\":\"search_term_string\"}}],\"inLanguage\":\"fr-FR\"},{\"@type\":\"Organization\",\"@id\":\"https:\/\/freakuence.nl\/fr\/#organization\",\"name\":\"Freakuence !\",\"url\":\"https:\/\/freakuence.nl\/fr\/\",\"logo\":{\"@type\":\"ImageObject\",\"inLanguage\":\"fr-FR\",\"@id\":\"https:\/\/freakuence.nl\/fr\/#\/schema\/logo\/image\/\",\"url\":\"https:\/\/freakuence.nl\/wp-content\/uploads\/2022\/05\/Brown_3_RGB_Freakuence-1.png\",\"contentUrl\":\"https:\/\/freakuence.nl\/wp-content\/uploads\/2022\/05\/Brown_3_RGB_Freakuence-1.png\",\"width\":2560,\"height\":684,\"caption\":\"Freakuence !\"},\"image\":{\"@id\":\"https:\/\/freakuence.nl\/fr\/#\/schema\/logo\/image\/\"},\"sameAs\":[\"https:\/\/www.instagram.com\/freakuence_notorious_audio\/\"]}]}<\/script>\n<!-- \/ Yoast SEO plugin. -->","yoast_head_json":{"title":"Magnepan MG-3.7i | Freakuence!","robots":{"index":"index","follow":"follow","max-snippet":"max-snippet:-1","max-image-preview":"max-image-preview:large","max-video-preview":"max-video-preview:-1"},"canonical":"https:\/\/freakuence.nl\/fr\/product\/magnepan-mg-3-7i\/","og_locale":"fr_FR","og_type":"article","og_title":"Magnepan MG-3.7i | Freakuence!","og_description":"Description Freakuence ! Grand ! Gigantesque. Ce qu&rsquo;un tel panneau est capable de faire est tr\u00e8s sp\u00e9cial. Remarque : il faut un peu d&rsquo;\u00e9nergie pour pouvoir jouer en toute libert\u00e9. Bien fait ? Une sc\u00e8ne et une transparence remarquables. Prix de vente au d\u00e9tail : 13 500,00 D\u00e9tails La s\u00e9rie date du 15-11-2022 et a [&hellip;]","og_url":"https:\/\/freakuence.nl\/fr\/product\/magnepan-mg-3-7i\/","og_site_name":"Freakuence!","article_modified_time":"2026-03-10T05:24:39+00:00","og_image":[{"width":1200,"height":1800,"url":"https:\/\/freakuence.nl\/wp-content\/uploads\/2026\/02\/17690091284427-16618-IMG9065-scaled.jpg","type":"image\/jpeg"}],"twitter_card":"summary_large_image","schema":{"@context":"https:\/\/schema.org","@graph":[{"@type":"WebPage","@id":"https:\/\/freakuence.nl\/fr\/product\/magnepan-mg-3-7i\/","url":"https:\/\/freakuence.nl\/fr\/product\/magnepan-mg-3-7i\/","name":"Magnepan MG-3.7i | Freakuence!","isPartOf":{"@id":"https:\/\/freakuence.nl\/fr\/#website"},"primaryImageOfPage":{"@id":"https:\/\/freakuence.nl\/fr\/product\/magnepan-mg-3-7i\/#primaryimage"},"image":{"@id":"https:\/\/freakuence.nl\/fr\/product\/magnepan-mg-3-7i\/#primaryimage"},"thumbnailUrl":"https:\/\/freakuence.nl\/wp-content\/uploads\/2026\/04\/17690091284427-16618-IMG9065-scaled.jpg","datePublished":"2026-02-05T13:25:10+00:00","dateModified":"2026-03-10T05:24:39+00:00","breadcrumb":{"@id":"https:\/\/freakuence.nl\/fr\/product\/magnepan-mg-3-7i\/#breadcrumb"},"inLanguage":"fr-FR","potentialAction":[{"@type":"ReadAction","target":["https:\/\/freakuence.nl\/fr\/product\/magnepan-mg-3-7i\/"]}]},{"@type":"ImageObject","inLanguage":"fr-FR","@id":"https:\/\/freakuence.nl\/fr\/product\/magnepan-mg-3-7i\/#primaryimage","url":"https:\/\/freakuence.nl\/wp-content\/uploads\/2026\/04\/17690091284427-16618-IMG9065-scaled.jpg","contentUrl":"https:\/\/freakuence.nl\/wp-content\/uploads\/2026\/04\/17690091284427-16618-IMG9065-scaled.jpg","width":1707,"height":2560},{"@type":"BreadcrumbList","@id":"https:\/\/freakuence.nl\/fr\/product\/magnepan-mg-3-7i\/#breadcrumb","itemListElement":[{"@type":"ListItem","position":1,"name":"Accueil","item":"https:\/\/freakuence.nl\/fr\/accueil\/"},{"@type":"ListItem","position":2,"name":"Produits","item":"https:\/\/freakuence.nl\/fr\/produits\/"},{"@type":"ListItem","position":3,"name":"Magnepan MG-3.7i"}]},{"@type":"WebSite","@id":"https:\/\/freakuence.nl\/fr\/#website","url":"https:\/\/freakuence.nl\/fr\/","name":"Freakuence!","description":"Freakuence!","publisher":{"@id":"https:\/\/freakuence.nl\/fr\/#organization"},"alternateName":"Freakuence","potentialAction":[{"@type":"SearchAction","target":{"@type":"EntryPoint","urlTemplate":"https:\/\/freakuence.nl\/fr\/?s={search_term_string}"},"query-input":{"@type":"PropertyValueSpecification","valueRequired":true,"valueName":"search_term_string"}}],"inLanguage":"fr-FR"},{"@type":"Organization","@id":"https:\/\/freakuence.nl\/fr\/#organization","name":"Freakuence !","url":"https:\/\/freakuence.nl\/fr\/","logo":{"@type":"ImageObject","inLanguage":"fr-FR","@id":"https:\/\/freakuence.nl\/fr\/#\/schema\/logo\/image\/","url":"https:\/\/freakuence.nl\/wp-content\/uploads\/2022\/05\/Brown_3_RGB_Freakuence-1.png","contentUrl":"https:\/\/freakuence.nl\/wp-content\/uploads\/2022\/05\/Brown_3_RGB_Freakuence-1.png","width":2560,"height":684,"caption":"Freakuence !"},"image":{"@id":"https:\/\/freakuence.nl\/fr\/#\/schema\/logo\/image\/"},"sameAs":["https:\/\/www.instagram.com\/freakuence_notorious_audio\/"]}]}},"_links":{"self":[{"href":"https:\/\/freakuence.nl\/fr\/wp-json\/wp\/v2\/product\/344272","targetHints":{"allow":["GET"]}}],"collection":[{"href":"https:\/\/freakuence.nl\/fr\/wp-json\/wp\/v2\/product"}],"about":[{"href":"https:\/\/freakuence.nl\/fr\/wp-json\/wp\/v2\/types\/product"}],"wp:featuredmedia":[{"embeddable":true,"href":"https:\/\/freakuence.nl\/fr\/wp-json\/wp\/v2\/media\/376661"}],"wp:attachment":[{"href":"https:\/\/freakuence.nl\/fr\/wp-json\/wp\/v2\/media?parent=344272"}],"wp:term":[{"taxonomy":"product_brand","embeddable":true,"href":"https:\/\/freakuence.nl\/fr\/wp-json\/wp\/v2\/product_brand?post=344272"},{"taxonomy":"product_cat","embeddable":true,"href":"https:\/\/freakuence.nl\/fr\/wp-json\/wp\/v2\/product_cat?post=344272"},{"taxonomy":"product_tag","embeddable":true,"href":"https:\/\/freakuence.nl\/fr\/wp-json\/wp\/v2\/product_tag?post=344272"}],"curies":[{"name":"wp","href":"https:\/\/api.w.org\/{rel}","templated":true}]}}